{"id":123,"date":"2025-10-06T17:46:32","date_gmt":"2025-10-06T20:46:32","guid":{"rendered":"http:\/\/enagiosantos.com.br\/?page_id=123"},"modified":"2025-10-25T21:00:45","modified_gmt":"2025-10-26T00:00:45","slug":"agenciaideally","status":"publish","type":"page","link":"https:\/\/enagiosantos.com.br\/","title":{"rendered":"agenciaideally"},"content":{"rendered":"\t\t<div data-elementor-type=\"wp-page\" data-elementor-id=\"123\" class=\"elementor elementor-123\" data-elementor-post-type=\"page\">\n\t\t\t\t<div class=\"elementor-element elementor-element-01b6199 e-flex e-con-boxed e-con e-parent\" data-id=\"01b6199\" data-element_type=\"container\" data-e-type=\"container\" data-settings=\"{&quot;background_background&quot;:&quot;gradient&quot;}\">\n\t\t\t\t\t<div class=\"e-con-inner\">\n\t\t<div class=\"elementor-element elementor-element-8bf3f2b e-con-full e-flex e-con e-child\" data-id=\"8bf3f2b\" data-element_type=\"container\" data-e-type=\"container\">\n\t\t\t\t<div class=\"elementor-element elementor-element-69b4d55 elementor-widget elementor-widget-image\" data-id=\"69b4d55\" data-element_type=\"widget\" data-e-type=\"widget\" data-widget_type=\"image.default\">\n\t\t\t\t\t\t\t\t\t\t\t\t\t\t\t<img fetchpriority=\"high\" decoding=\"async\" width=\"696\" height=\"1024\" src=\"https:\/\/enagiosantos.com.br\/wp-content\/uploads\/2025\/10\/enagio2-696x1024.png\" class=\"attachment-large size-large wp-image-127\" alt=\"\" srcset=\"https:\/\/enagiosantos.com.br\/wp-content\/uploads\/2025\/10\/enagio2-696x1024.png 696w, https:\/\/enagiosantos.com.br\/wp-content\/uploads\/2025\/10\/enagio2-204x300.png 204w, https:\/\/enagiosantos.com.br\/wp-content\/uploads\/2025\/10\/enagio2-768x1129.png 768w, https:\/\/enagiosantos.com.br\/wp-content\/uploads\/2025\/10\/enagio2-1044x1536.png 1044w, https:\/\/enagiosantos.com.br\/wp-content\/uploads\/2025\/10\/enagio2.png 1088w\" sizes=\"(max-width: 696px) 100vw, 696px\" \/>\t\t\t\t\t\t\t\t\t\t\t\t\t\t\t<\/div>\n\t\t\t\t<\/div>\n\t\t\t\t<div class=\"elementor-element elementor-element-0005cdd elementor-widget elementor-widget-heading\" data-id=\"0005cdd\" data-element_type=\"widget\" data-e-type=\"widget\" data-widget_type=\"heading.default\">\n\t\t\t\t\t<h2 class=\"elementor-heading-title elementor-size-default\"><h2 class=\"elementor-heading-title elementor-size-default\" style=\"font-family: Montserrat, sans-serif;font-weight: 600;line-height: 1;font-size: 39px;font-style: normal;text-align: center\">Transforme Sua Empresa em uma<br>M\u00e1quina de Vendas Online<\/h2><\/h2>\t\t\t\t<\/div>\n\t\t\t\t<div class=\"elementor-element elementor-element-346074d elementor-widget elementor-widget-heading\" data-id=\"346074d\" data-element_type=\"widget\" data-e-type=\"widget\" data-widget_type=\"heading.default\">\n\t\t\t\t\t<h2 class=\"elementor-heading-title elementor-size-default\">Como funciona Tr\u00e1fego Pago?<\/h2>\t\t\t\t<\/div>\n\t\t\t\t<div class=\"elementor-element elementor-element-612f7f5 elementor-widget elementor-widget-heading\" data-id=\"612f7f5\" data-element_type=\"widget\" data-e-type=\"widget\" data-widget_type=\"heading.default\">\n\t\t\t\t\t<h2 class=\"elementor-heading-title elementor-size-default\"><h2 class=\"elementor-heading-title elementor-size-default\" style=\"font-family: Lato, sans-serif;font-weight: 400;line-height: 1;font-size: 21px;font-style: normal;text-align: center\">Hoje o Facebook, Instagram, Google e YouTube me permite colocar o seu servi\u00e7o na frente das pessoas certas, aquelas que t\u00eam mais chance de contratar. Em vez de depender de indica\u00e7\u00f5es, n\u00f3s pagamos para que o an\u00fancio apare\u00e7a no celular de quem realmente tem interesse. A pessoa clica, fala direto no WhatsApp e j\u00e1 vira oportunidade de cliente. Voc\u00ea escolhe o quanto investir por dia e eu cuido para transformar esse investimento em novos atendimentos.<\/h2><\/h2>\t\t\t\t<\/div>\n\t\t\t\t<div class=\"elementor-element elementor-element-77e4a62 elementor-align-center elementor-widget elementor-widget-button\" data-id=\"77e4a62\" data-element_type=\"widget\" data-e-type=\"widget\" data-widget_type=\"button.default\">\n\t\t\t\t\t\t\t\t\t\t<a class=\"elementor-button elementor-button-link elementor-size-sm\" href=\"https:\/\/form.respondi.app\/mg6wly2D\">\n\t\t\t\t\t\t<span class=\"elementor-button-content-wrapper\">\n\t\t\t\t\t\t\t\t\t<span class=\"elementor-button-text\">Quero Contratar Gest\u00e3o de Tr\u00e1fego<\/span>\n\t\t\t\t\t<\/span>\n\t\t\t\t\t<\/a>\n\t\t\t\t\t\t\t\t<\/div>\n\t\t\t\t\t<\/div>\n\t\t\t\t<\/div>\n\t\t\t\t<\/div>\n\t\t","protected":false},"excerpt":{"rendered":"<p>Transforme Sua Empresa em umaM\u00e1quina de Vendas Online Como funciona Tr\u00e1fego Pago? Hoje o Facebook, Instagram, Google e YouTube me [&hellip;]<\/p>\n","protected":false},"author":1,"featured_media":0,"parent":0,"menu_order":0,"comment_status":"closed","ping_status":"closed","template":"elementor_canvas","meta":{"site-sidebar-layout":"no-sidebar","site-content-layout":"","ast-site-content-layout":"full-width-container","site-content-style":"default","site-sidebar-style":"default","ast-global-header-display":"","ast-banner-title-visibility":"","ast-main-header-display":"","ast-hfb-above-header-display":"","ast-hfb-below-header-display":"","ast-hfb-mobile-header-display":"","site-post-title":"disabled","ast-breadcrumbs-content":"","ast-featured-img":"disabled","footer-sml-layout":"","theme-transparent-header-meta":"","adv-header-id-meta":"","stick-header-meta":"","header-above-stick-meta":"","header-main-stick-meta":"","header-below-stick-meta":"","astra-migrate-meta-layouts":"default","ast-page-background-enabled":"default","ast-page-background-meta":{"desktop":{"background-color":"var(--ast-global-color-5)","background-image":"","background-repeat":"repeat","background-position":"center center","background-size":"auto","background-attachment":"scroll","background-type":"","background-media":"","overlay-type":"","overlay-color":"","overlay-opacity":"","overlay-gradient":""},"tablet":{"background-color":"","background-image":"","background-repeat":"repeat","background-position":"center center","background-size":"auto","background-attachment":"scroll","background-type":"","background-media":"","overlay-type":"","overlay-color":"","overlay-opacity":"","overlay-gradient":""},"mobile":{"background-color":"","background-image":"","background-repeat":"repeat","background-position":"center center","background-size":"auto","background-attachment":"scroll","background-type":"","background-media":"","overlay-type":"","overlay-color":"","overlay-opacity":"","overlay-gradient":""}},"ast-content-background-meta":{"desktop":{"background-color":"var(--ast-global-color-4)","background-image":"","background-repeat":"repeat","background-position":"center center","background-size":"auto","background-attachment":"scroll","background-type":"","background-media":"","overlay-type":"","overlay-color":"","overlay-opacity":"","overlay-gradient":""},"tablet":{"background-color":"var(--ast-global-color-4)","background-image":"","background-repeat":"repeat","background-position":"center center","background-size":"auto","background-attachment":"scroll","background-type":"","background-media":"","overlay-type":"","overlay-color":"","overlay-opacity":"","overlay-gradient":""},"mobile":{"background-color":"var(--ast-global-color-4)","background-image":"","background-repeat":"repeat","background-position":"center center","background-size":"auto","background-attachment":"scroll","background-type":"","background-media":"","overlay-type":"","overlay-color":"","overlay-opacity":"","overlay-gradient":""}},"footnotes":""},"class_list":["post-123","page","type-page","status-publish","hentry"],"_links":{"self":[{"href":"https:\/\/enagiosantos.com.br\/index.php?rest_route=\/wp\/v2\/pages\/123","targetHints":{"allow":["GET"]}}],"collection":[{"href":"https:\/\/enagiosantos.com.br\/index.php?rest_route=\/wp\/v2\/pages"}],"about":[{"href":"https:\/\/enagiosantos.com.br\/index.php?rest_route=\/wp\/v2\/types\/page"}],"author":[{"embeddable":true,"href":"https:\/\/enagiosantos.com.br\/index.php?rest_route=\/wp\/v2\/users\/1"}],"replies":[{"embeddable":true,"href":"https:\/\/enagiosantos.com.br\/index.php?rest_route=%2Fwp%2Fv2%2Fcomments&post=123"}],"version-history":[{"count":40,"href":"https:\/\/enagiosantos.com.br\/index.php?rest_route=\/wp\/v2\/pages\/123\/revisions"}],"predecessor-version":[{"id":173,"href":"https:\/\/enagiosantos.com.br\/index.php?rest_route=\/wp\/v2\/pages\/123\/revisions\/173"}],"wp:attachment":[{"href":"https:\/\/enagiosantos.com.br\/index.php?rest_route=%2Fwp%2Fv2%2Fmedia&parent=123"}],"curies":[{"name":"wp","href":"https:\/\/api.w.org\/{rel}","templated":true}]}}